{"id":34,"date":"2025-08-25T16:02:20","date_gmt":"2025-08-25T16:02:20","guid":{"rendered":"https:\/\/voguedetailing.com\/?page_id=34"},"modified":"2025-08-28T18:27:38","modified_gmt":"2025-08-28T18:27:38","slug":"contacta","status":"publish","type":"page","link":"https:\/\/voguedetailing.com\/index.php\/contacta\/","title":{"rendered":"Contacta"},"content":{"rendered":"\t\t<div data-elementor-type=\"wp-page\" data-elementor-id=\"34\" class=\"elementor elementor-34\">\n\t\t\t\t<div class=\"elementor-element elementor-element-c025e27 e-con-full e-flex e-con e-parent\" data-id=\"c025e27\" data-element_type=\"container\">\n\t\t\t\t<div class=\"elementor-element elementor-element-7e2ddf8 elementor-widget elementor-widget-html\" data-id=\"7e2ddf8\" data-element_type=\"widget\" data-widget_type=\"html.default\">\n\t\t\t\t\t<!-- =========================\r\n     CONTACTA (FULL-WIDTH) \u2013 WhatsApp verde + Email + CF7\r\n     ========================= -->\r\n<div id=\"vd-contacta\" class=\"vd-fullwrap\">\r\n  <style>\r\n    :root{\r\n      --bg:#0c0b10; --text:#e9e9f1; --muted:#b9bfca;\r\n      --brand:#9b6bff; --brand2:#23d3ee; --ring:rgba(155,107,255,.35);\r\n      --wa:#25D366; --wa-dark:#128C7E; \/* WhatsApp *\/\r\n    }\r\n    \/* Full-bleed y correcci\u00f3n del hueco bajo cabecera *\/\r\n    .vd-fullwrap{width:100vw; position:relative; left:50%; right:50%; margin-left:-50vw; margin-right:-50vw;\r\n      background: radial-gradient(1200px 600px at 100% 0,var(--brand) 0%,transparent 60%),\r\n                  radial-gradient(900px 500px at -10% 110%,var(--brand2) 0%,transparent 60%),\r\n                  var(--bg); color:var(--text);\r\n      margin-top:-24px; \/* sube un poco para tapar la franja blanca de muchos temas *\/\r\n    }\r\n    .vd-section{max-width:1200px; margin:0 auto; padding:64px 18px;}\r\n    h1{font-size:clamp(28px,4.2vw,48px); margin:0 0 10px; font-family:Inter,system-ui,Segoe UI,Roboto,Helvetica,Arial,sans-serif}\r\n    p, a, label, input, textarea{font-family:Inter,system-ui,Segoe UI,Roboto,Helvetica,Arial,sans-serif}\r\n    .sub{color:var(--muted)}\r\n\r\n    \/* Grid \u201ccristal\u201d *\/\r\n    .grid{display:grid; gap:22px; grid-template-columns:1.2fr .8fr}\r\n    .box{background:linear-gradient(180deg,rgba(255,255,255,.06),rgba(255,255,255,.02));\r\n      border:1px solid rgba(255,255,255,.12); border-radius:18px; padding:20px}\r\n    .kv{display:grid; gap:10px}\r\n\r\n    \/* Botones *\/\r\n    .cta{display:flex; gap:10px; flex-wrap:wrap; margin-top:14px}\r\n    .btn{display:inline-flex; gap:10px; align-items:center; padding:12px 18px; border-radius:14px; font-weight:700; text-decoration:none}\r\n    .btn-email{color:#0b0b0f; background:linear-gradient(135deg,var(--brand),#6d3dff)}\r\n    .btn-wa{color:#ffffff; background:linear-gradient(135deg,var(--wa),var(--wa-dark)); border:1px solid rgba(255,255,255,.12)}\r\n    .btn:hover{box-shadow:0 0 0 6px var(--ring); transform:translateY(-1px); transition:.18s ease}\r\n\r\n    \/* Mapa *\/\r\n    .map{aspect-ratio:4\/3; width:100%; border:0; border-radius:14px}\r\n\r\n    \/* Contact Form 7 (dark) *\/\r\n    .wpcf7 form{display:grid; gap:10px}\r\n    .wpcf7 .wpcf7-form-control{width:100%; background:#11131a; color:var(--text);\r\n      border:1px solid rgba(255,255,255,.15); border-radius:12px; padding:10px 12px}\r\n    .wpcf7 input[type=\"submit\"]{\r\n      background:linear-gradient(135deg,var(--brand),#6d3dff); color:#0b0b0f; font-weight:800;\r\n      border:0; border-radius:14px; padding:12px 18px; cursor:pointer\r\n    }\r\n    .wpcf7 input[type=\"submit\"]:hover{box-shadow:0 0 0 6px var(--ring)}\r\n    .wpcf7 ::placeholder{color:#9aa0aa}\r\n\r\n    \/* Responsive *\/\r\n    @media (max-width:900px){ .grid{grid-template-columns:1fr} .vd-section{padding:48px 16px} }\r\n  <\/style>\r\n\r\n  <section class=\"vd-section\">\r\n    <h1>Contacta con Vogue Detailing<\/h1>\r\n    <p class=\"sub\">Reserva tu cita o p\u00eddenos presupuesto. Te respondemos r\u00e1pido.<\/p>\r\n\r\n    <div class=\"grid\" style=\"margin-top:14px\">\r\n      <!-- Columna izquierda: datos + formulario + botones -->\r\n      <div class=\"box\">\r\n        <div class=\"kv\">\r\n          <div><strong>\ud83d\udccd Direcci\u00f3n:<\/strong> C\/ General Prim 34 \u2013 Bajos, Cambrils (Tarragona)<\/div>\r\n          <div><strong>\ud83d\udce7 Email:<\/strong> <a style=\"color:#cdb8ff\" href=\"mailto:info@voguedetailing.com\">info@voguedetailing.com<\/a><\/div>\r\n          <div><strong>\u23f0 Horario:<\/strong> Lunes a Viernes \u2013 9:00 a 16:00<\/div>\r\n          <div><strong>\ud83c\udf10 Instagram\/TikTok:<\/strong> <a style=\"color:#cdb8ff\" href=\"https:\/\/www.instagram.com\/vogue.detailing25\/\" target=\"_blank\">@vogue.detailing25<\/a><\/div>\r\n        <\/div>\r\n\r\n        <!-- Shortcode de CF7 (p\u00e9galo en un widget \"Shortcode\" de Elementor para que funcione) -->\r\n        <div class=\"cf7-wrap\" style=\"margin-top:14px\">\r\n          \n<div class=\"wpcf7 no-js\" id=\"wpcf7-f83-o1\" lang=\"es-ES\" dir=\"ltr\" data-wpcf7-id=\"83\">\n<div class=\"screen-reader-response\"><p role=\"status\" aria-live=\"polite\" aria-atomic=\"true\"><\/p> <ul><\/ul><\/div>\n<form action=\"\/index.php\/wp-json\/wp\/v2\/pages\/34#wpcf7-f83-o1\" method=\"post\" class=\"wpcf7-form init\" aria-label=\"Formulario de contacto\" novalidate=\"novalidate\" data-status=\"init\">\n<fieldset class=\"hidden-fields-container\"><input type=\"hidden\" name=\"_wpcf7\" value=\"83\" \/><input type=\"hidden\" name=\"_wpcf7_version\" value=\"6.1.1\" \/><input type=\"hidden\" name=\"_wpcf7_locale\" value=\"es_ES\" \/><input type=\"hidden\" name=\"_wpcf7_unit_tag\" value=\"wpcf7-f83-o1\" \/><input type=\"hidden\" name=\"_wpcf7_container_post\" value=\"0\" \/><input type=\"hidden\" name=\"_wpcf7_posted_data_hash\" value=\"\" \/>\n<\/fieldset>\n<div class=\"form-row two\">\n\t<p><span class=\"wpcf7-form-control-wrap\" data-name=\"your-name\"><input size=\"40\" maxlength=\"400\" class=\"wpcf7-form-control wpcf7-text wpcf7-validates-as-required input\" aria-required=\"true\" aria-invalid=\"false\" placeholder=\"Nombre y apellidos*\" value=\"\" type=\"text\" name=\"your-name\" \/><\/span><br \/>\n<span class=\"wpcf7-form-control-wrap\" data-name=\"your-phone\"><input size=\"40\" maxlength=\"400\" class=\"wpcf7-form-control wpcf7-tel wpcf7-validates-as-required wpcf7-text wpcf7-validates-as-tel input\" aria-required=\"true\" aria-invalid=\"false\" placeholder=\"Tel\u00e9fono*\" value=\"\" type=\"tel\" name=\"your-phone\" \/><\/span>\n\t<\/p>\n<\/div>\n<div class=\"form-row two\">\n\t<p><span class=\"wpcf7-form-control-wrap\" data-name=\"your-email\"><input size=\"40\" maxlength=\"400\" class=\"wpcf7-form-control wpcf7-email wpcf7-validates-as-required wpcf7-text wpcf7-validates-as-email input\" aria-required=\"true\" aria-invalid=\"false\" placeholder=\"Email*\" value=\"\" type=\"email\" name=\"your-email\" \/><\/span><br \/>\n<span class=\"wpcf7-form-control-wrap\" data-name=\"your-service\"><select class=\"wpcf7-form-control wpcf7-select wpcf7-validates-as-required select\" aria-required=\"true\" aria-invalid=\"false\" name=\"your-service\"><option value=\"\">&#8212;Por favor, elige una opci\u00f3n&#8212;<\/option><option value=\"Servicio que te interesa*\">Servicio que te interesa*<\/option><option value=\"Detailing exterior\">Detailing exterior<\/option><option value=\"Detailing interior\">Detailing interior<\/option><option value=\"Lavado en seco\">Lavado en seco<\/option><option value=\"Pulido y encerado\">Pulido y encerado<\/option><option value=\"Coating cer\u00e1mico\">Coating cer\u00e1mico<\/option><option value=\"Limpieza de tapicer\u00edas\">Limpieza de tapicer\u00edas<\/option><\/select><\/span>\n\t<\/p>\n<\/div>\n<div class=\"form-row\">\n\t<p><span class=\"wpcf7-form-control-wrap\" data-name=\"your-message\"><textarea cols=\"40\" rows=\"10\" maxlength=\"2000\" class=\"wpcf7-form-control wpcf7-textarea textarea\" aria-invalid=\"false\" placeholder=\"Cu\u00e9ntanos el estado del veh\u00edculo y cu\u00e1ndo te viene bien\" name=\"your-message\"><\/textarea><\/span>\n\t<\/p>\n<\/div>\n<div class=\"form-row\">\n\t<p><span class=\"wpcf7-form-control-wrap\" data-name=\"your-privacy\"><span class=\"wpcf7-form-control wpcf7-acceptance\"><span class=\"wpcf7-list-item\"><label><input type=\"checkbox\" name=\"your-privacy\" value=\"1\" aria-invalid=\"false\" \/><span class=\"wpcf7-list-item-label\">Acepto la pol\u00edtica de privacidad<\/span><\/label><\/span><\/span><\/span>\n\t<\/p>\n<\/div>\n<p><input class=\"wpcf7-form-control wpcf7-submit has-spinner btn-primary\" type=\"submit\" value=\"Enviar solicitud\" \/>\n<\/p><div class=\"wpcf7-response-output\" aria-hidden=\"true\"><\/div>\n<\/form>\n<\/div>\n\r\n        <\/div>\r\n\r\n        <!-- Botones -->\r\n        <div class=\"cta\">\r\n          <a class=\"btn btn-email\" href=\"mailto:info@voguedetailing.com?subject=Reserva%20Vogue%20Detailing&body=Hola%2C%20quiero%20reservar%20una%20cita%20o%20pedir%20presupuesto.\">Reservar por email<\/a>\r\n          <a class=\"btn btn-wa\" href=\"https:\/\/wa.me\/34614452939?text=Hola%2C%20quiero%20reservar%20con%20Vogue%20Detailing.%0A%0ADatos%3A%0A-%20Veh%C3%ADculo%3A%20%5BTurismo%20%7C%20SUV%2FFamiliar%20%7C%20Furgoneta%5D%0A-%20Servicio%3A%20%5BLavado%20exterior%20completo%20%7C%20Lavado%20%2B%20cera%20%7C%20Pack%20llantas%2020%E2%82%AC%20%7C%20Llantas%20y%20neum%C3%A1ticos%20detallados%20%288%E2%82%AC%29%20%7C%20Interior%20b%C3%A1sica%20%7C%20Interior%20a%20fondo%20%7C%20Tapicer%C3%ADa%20tela%20%7C%20Tapicer%C3%ADa%20cuero%20%7C%20Pack%20B%C3%A1sico%20%7C%20Pack%20Premium%20%7C%20Otros%5D%0A-%20D%C3%ADa%20preferente%3A%0A-%20Hora%20preferente%3A%0A-%20Nombre%3A%0A-%20Matr%C3%ADcula%20%28opcional%29%3A\" target=\"_blank\" rel=\"noopener\">Reservar por WhatsApp<\/a>\r\n        <\/div>\r\n      <\/div>\r\n\r\n      <!-- Columna derecha: mapa -->\r\n      <div class=\"box\">\r\n        <iframe class=\"map\" title=\"Mapa Vogue Detailing Cambrils\" loading=\"lazy\" referrerpolicy=\"no-referrer-when-downgrade\" src=\"https:\/\/www.google.com\/maps?q=Calle+General+Prim+34,+Cambrils,+Tarragona&output=embed\"><\/iframe>\r\n      <\/div>\r\n    <\/div>\r\n  <\/section>\r\n<\/div>\r\n\t\t\t\t<\/div>\n\t\t\t\t<\/div>\n\t\t<div class=\"elementor-element elementor-element-6d097d2 e-flex e-con-boxed e-con e-parent\" data-id=\"6d097d2\" data-element_type=\"container\">\n\t\t\t\t\t<div class=\"e-con-inner\">\n\t\t\t\t<div class=\"elementor-element elementor-element-3957f65 elementor-widget elementor-widget-html\" data-id=\"3957f65\" data-element_type=\"widget\" data-widget_type=\"html.default\">\n\t\t\t\t\t<!-- =========================\r\n     FOOTER \u2013 simple, full-width\r\n     ========================= -->\r\n<footer id=\"vd-footer\" class=\"vd-fullwrap\" aria-label=\"Pie de p\u00e1gina\">\r\n  <style>\r\n    \/* Full-bleed (rompe el contenedor del tema) *\/\r\n    #vd-footer.vd-fullwrap{\r\n      width:100vw; position:relative; left:50%; right:50%;\r\n      margin-left:-50vw; margin-right:-50vw;\r\n      background:#0c0b10; color:#e9e9f1;\r\n      border-top:1px solid rgba(255,255,255,.08);\r\n    }\r\n    #vd-footer .vd-section{max-width:1200px; margin:0 auto; padding:24px 18px;}\r\n    #vd-footer .row{display:flex; align-items:center; justify-content:space-between; gap:14px; flex-wrap:wrap}\r\n    #vd-footer .brand{font-weight:700; letter-spacing:.2px}\r\n    #vd-footer .links{display:flex; align-items:center; gap:12px; flex-wrap:wrap}\r\n    #vd-footer .links a{color:#cbd5e1; text-decoration:none; font-size:14px; border:1px solid rgba(255,255,255,.14); padding:6px 10px; border-radius:999px}\r\n    #vd-footer .links a:hover{color:#fff; border-color:rgba(255,255,255,.35)}\r\n    #vd-footer .cookie-btn{background:transparent; color:#cbd5e1; border:1px solid rgba(255,255,255,.18); padding:6px 10px; border-radius:999px; cursor:pointer; font-size:14px}\r\n    #vd-footer .cookie-btn:hover{color:#fff; border-color:rgba(255,255,255,.35)}\r\n    #vd-footer .copy{font-size:12.5px; color:#9aa0aa; margin-top:10px}\r\n    #vd-footer .copy a{color:#cdb8ff; text-decoration:none}\r\n    @media (max-width:700px){ #vd-footer .row{flex-direction:column; align-items:flex-start} }\r\n  <\/style>\r\n\r\n  <div class=\"vd-section\">\r\n    <div class=\"row\">\r\n      <div class=\"brand\">Vogue Detailing Cambrils<\/div>\r\n      <nav class=\"links\" aria-label=\"Enlaces legales\">\r\n        <!-- Cambia las URLs si tus slugs son distintos -->\r\n        <a href=\"\/index.php\/aviso-legal\/\">Aviso legal<\/a>\r\n        <a href=\"\/index.php\/politica-de-privacidad\/\">Privacidad<\/a>\r\n        <a href=\"\/index.php\/politica-de-cookies\/\">Cookies<\/a>\r\n        <button class=\"cookie-btn\" type=\"button\">Configurar cookies<\/button>\r\n      <\/nav>\r\n    <\/div>\r\n\r\n    <div class=\"copy\">\r\n      \u00a9 <span id=\"vd-year\"><\/span> Vogue Detailing \u00b7 Cambrils (Tarragona) \u00b7 \r\n      <a href=\"mailto:info@voguedetailing.com\">info@voguedetailing.com<\/a>\r\n    <\/div>\r\n  <\/div>\r\n\r\n  <script>\r\n    \/\/ A\u00f1o autom\u00e1tico\r\n    document.getElementById('vd-year').textContent = new Date().getFullYear();\r\n\r\n    \/\/ Intentar abrir el panel del plugin de cookies que tengas activo\r\n    const tryOpenCookies = () => {\r\n      const selectors = [\r\n        '.cky-btn-revisit',              \/\/ CookieYes\r\n        '[data-cky-tag=\"settings\"]',     \/\/ CookieYes (alterno)\r\n        '.cmplz-manage-consent',         \/\/ Complianz\r\n        '.cn-revoke-cookie',             \/\/ Cookie Notice by dFactory\r\n        '.cookie-notice-revoke',         \/\/ Cookie Notice (otro selector)\r\n        '.cli_settings_button',          \/\/ GDPR Cookie Consent (WebToffee)\r\n        '.rcb-open-preferences',         \/\/ Real Cookie Banner\r\n        '#cc-revoke',                    \/\/ Cookie Consent (Osano) revert\r\n        '.moove-gdpr-infobar-reopen'     \/\/ GDPR Cookie Compliance (Moove)\r\n      ];\r\n      for (const s of selectors){\r\n        const el = document.querySelector(s);\r\n        if (el){ el.click(); return; }\r\n      }\r\n      alert('Abre el panel de cookies desde el banner de tu sitio.');\r\n    };\r\n    document.querySelector('#vd-footer .cookie-btn')?.addEventListener('click', tryOpenCookies);\r\n  <\/script>\r\n<\/footer>\t\t\t\t<\/div>\n\t\t\t\t\t<\/div>\n\t\t\t\t<\/div>\n\t\t\t\t<\/div>\n\t\t","protected":false},"excerpt":{"rendered":"<p>Contacta con Vogue Detailing Reserva tu cita o p\u00eddenos presupuesto. Te respondemos r\u00e1pido. \ud83d\udccd Direcci\u00f3n: C\/ General Prim 34 \u2013 Bajos, Cambrils (Tarragona) \ud83d\udce7 Email: info@voguedetailing.com \u23f0 Horario: Lunes a Viernes \u2013 9:00 a 16:00 \ud83c\udf10 Instagram\/TikTok: @vogue.detailing25 Reservar por email Reservar por WhatsApp Vogue Detailing Cambrils Aviso legal Privacidad Cookies Configurar cookies \u00a9 Vogue &#8230; <a title=\"Contacta\" class=\"read-more\" href=\"https:\/\/voguedetailing.com\/index.php\/contacta\/\" aria-label=\"Leer m\u00e1s sobre Contacta\">Leer m\u00e1s<\/a><\/p>\n","protected":false},"author":1,"featured_media":0,"parent":0,"menu_order":0,"comment_status":"closed","ping_status":"closed","template":"","meta":{"footnotes":""},"class_list":["post-34","page","type-page","status-publish"],"_links":{"self":[{"href":"https:\/\/voguedetailing.com\/index.php\/wp-json\/wp\/v2\/pages\/34","targetHints":{"allow":["GET"]}}],"collection":[{"href":"https:\/\/voguedetailing.com\/index.php\/wp-json\/wp\/v2\/pages"}],"about":[{"href":"https:\/\/voguedetailing.com\/index.php\/wp-json\/wp\/v2\/types\/page"}],"author":[{"embeddable":true,"href":"https:\/\/voguedetailing.com\/index.php\/wp-json\/wp\/v2\/users\/1"}],"replies":[{"embeddable":true,"href":"https:\/\/voguedetailing.com\/index.php\/wp-json\/wp\/v2\/comments?post=34"}],"version-history":[{"count":28,"href":"https:\/\/voguedetailing.com\/index.php\/wp-json\/wp\/v2\/pages\/34\/revisions"}],"predecessor-version":[{"id":238,"href":"https:\/\/voguedetailing.com\/index.php\/wp-json\/wp\/v2\/pages\/34\/revisions\/238"}],"wp:attachment":[{"href":"https:\/\/voguedetailing.com\/index.php\/wp-json\/wp\/v2\/media?parent=34"}],"curies":[{"name":"wp","href":"https:\/\/api.w.org\/{rel}","templated":true}]}}